{"id":19,"date":"2016-06-14T22:44:14","date_gmt":"2016-06-14T21:44:14","guid":{"rendered":"http:\/\/camping-les-araucarias.com\/?page_id=19"},"modified":"2025-12-15T15:04:32","modified_gmt":"2025-12-15T14:04:32","slug":"hebergements-tarifs","status":"publish","type":"page","link":"https:\/\/camping-les-araucarias.com\/index.php\/hebergements-tarifs\/","title":{"rendered":"H\u00e9bergement"},"content":{"rendered":"<h2 style=\"padding-bottom: 15px; border-bottom: 1px dashed #555555; color: #555555;\">Locations de mobil-home et chalet ouvertes toute l&rsquo;ann\u00e9e<\/h2>\n<div style=\"float: left;\">\n<p><a href=\"http:\/\/camping-les-araucarias.com\/index.php\/portfolio\/mobile-home-wapiti\/\"><img decoding=\"async\" loading=\"lazy\" class=\"size-medium wp-image-43 alignleft\" src=\"http:\/\/camping-les-araucarias.com\/wp-content\/uploads\/2016\/06\/hebergement_photo-mh-1-300x225.jpg\" alt=\"Mobil-home wapiti\" width=\"300\" height=\"225\" srcset=\"https:\/\/camping-les-araucarias.com\/wp-content\/uploads\/2016\/06\/hebergement_photo-mh-1-300x225.jpg 300w, https:\/\/camping-les-araucarias.com\/wp-content\/uploads\/2016\/06\/hebergement_photo-mh-1.jpg 640w\" sizes=\"(max-width: 300px) 100vw, 300px\" \/><\/a><\/p>\n<\/div>\n<div style=\"float: left;\">\n<h3>MOBIL-HOME WAPITI &#8211; mod\u00e8le Montana 4 personnes<\/h3>\n<ul style=\"list-style-type: none; padding-left: 0px;\">\n<li>Mobil home 8m x 3,9m<\/li>\n<li>1 Chambre 1 lit 140\/190<\/li>\n<li>1 chambre 2 lits 80\/190<\/li>\n<li>Salle : banquette<\/li>\n<li>Cuisine : frigo-cong\u00e9lateur, micro-ondes&#8230;<\/li>\n<\/ul>\n<div style=\"background:;color:#ffffff!important;\" class=\"ast_shrt_action lt_rounded  \"><div class=\"act_left\"><\/div><div class=\"act_right\"><a class=\" lt_rounded\" style=\"background:#37dd69;color:#ffffff!important;\" href=\"http:\/\/camping-les-araucarias.com\/index.php\/portfolio\/mobile-home-wapiti\/\">En savoir plus<\/a><\/div><\/div><div style=\"clear:both\"><\/div>\n<\/div>\n<div style=\"clear: both; height: 30px;\">\u00a0<\/div>\n<div style=\"float: left;\"><a href=\"http:\/\/camping-les-araucarias.com\/index.php\/portfolio\/mobile-home-trigano\/\"><img decoding=\"async\" loading=\"lazy\" class=\"size-medium wp-image-58 alignleft\" src=\"http:\/\/camping-les-araucarias.com\/wp-content\/uploads\/2016\/06\/hebergement_mh-5-5-300x225.jpg\" alt=\"Mobil-home Trigano\" width=\"300\" height=\"225\" srcset=\"https:\/\/camping-les-araucarias.com\/wp-content\/uploads\/2016\/06\/hebergement_mh-5-5-300x225.jpg 300w, https:\/\/camping-les-araucarias.com\/wp-content\/uploads\/2016\/06\/hebergement_mh-5-5.jpg 640w\" sizes=\"(max-width: 300px) 100vw, 300px\" \/><\/a><\/div>\n<div style=\"float: left;\">\n<h3>MOBIL HOME TRIGANO &#8211; mod\u00e8le Osiris &#8211; 4 personnes<\/h3>\n<ul style=\"list-style-type: none; padding-left: 0px;\">\n<li>Mobil home 7,80m x 3,70 m<\/li>\n<li>1 chambre 1 lit 140\/190<\/li>\n<li>1 chambre 2 lits 80\/190<\/li>\n<li>Cuisine : frigo-cong\u00e9lateur, micro-ondes, cafeti\u00e8re \u00e9lectrique&#8230;<\/li>\n<\/ul>\n<div style=\"background:;color:#ffffff!important;\" class=\"ast_shrt_action lt_rounded  \"><div class=\"act_left\"><\/div><div class=\"act_right\"><a class=\" lt_rounded\" style=\"background:#37dd69;color:#ffffff!important;\" href=\"http:\/\/camping-les-araucarias.com\/index.php\/portfolio\/mobile-home-trigano\/\">En savoir plus<\/a><\/div><\/div><div style=\"clear:both\"><\/div>\n<\/div>\n<div style=\"clear: both; height: 30px;\">\u00a0<\/div>\n<div style=\"float: left;\"><a href=\"http:\/\/camping-les-araucarias.com\/index.php\/portfolio\/mobil-home-super-cordelia\/\"><img decoding=\"async\" loading=\"lazy\" class=\"alignnone wp-image-319 \" src=\"http:\/\/camping-les-araucarias.com\/wp-content\/uploads\/2016\/06\/IMG_1685.jpg\" alt=\"Mobil-home Super Cordelia\" width=\"300\" height=\"225\" \/><\/a><\/div>\n<div style=\"float: left;\">\n<h3>MOBIL HOME 3 chambres &#8211; IRM Super Cordelia<\/h3>\n<ul style=\"list-style-type: none; padding-left: 0px;\">\n<li>32 m\u00b2 5 couchages ( 6 personnes)<\/li>\n<li>1 chambre avec un lit double (140*190)<\/li>\n<li>2 chambres avec 2 lits simples (80*190)<\/li>\n<li>salle d&rsquo;eau, WC<\/li>\n<li>Vaisselle, micro ondes, cafeti\u00e8re.<\/li>\n<li>R\u00e9frig\u00e9rateur, radiateurs \u00e9lectriques<\/li>\n<\/ul>\n<div style=\"background:;color:#ffffff!important;\" class=\"ast_shrt_action lt_rounded  \"><div class=\"act_left\"><\/div><div class=\"act_right\"><a class=\" lt_rounded\" style=\"background:#37dd69;color:#ffffff!important;\" href=\"http:\/\/camping-les-araucarias.com\/index.php\/portfolio\/mobil-home-super-cordelia\/\">En savoir plus<\/a><\/div><\/div><div style=\"clear:both\"><\/div>\n<\/div>\n<div style=\"float: left;\">\n<p><img decoding=\"async\" loading=\"lazy\" class=\"wp-image-364 alignleft\" src=\"http:\/\/camping-les-araucarias.com\/wp-content\/uploads\/2018\/11\/20180918_143124.jpg\" alt=\"\" width=\"312\" height=\"175\" srcset=\"https:\/\/camping-les-araucarias.com\/wp-content\/uploads\/2018\/11\/20180918_143124.jpg 3264w, https:\/\/camping-les-araucarias.com\/wp-content\/uploads\/2018\/11\/20180918_143124-300x169.jpg 300w, https:\/\/camping-les-araucarias.com\/wp-content\/uploads\/2018\/11\/20180918_143124-768x432.jpg 768w, https:\/\/camping-les-araucarias.com\/wp-content\/uploads\/2018\/11\/20180918_143124-1024x576.jpg 1024w\" sizes=\"(max-width: 312px) 100vw, 312px\" \/><\/p>\n<h3>\u00a0<\/h3>\n<h3>\u00a0<\/h3>\n<h3>\u00a0<\/h3>\n<h3>\u00a0<\/h3>\n<h3>\u00a0<\/h3>\n<h3>MOBIL HOME 3 chambres &#8211; IRM Super Constellation<\/h3>\n<ul style=\"list-style-type: none; padding-left: 0px;\">\n<li>38 m\u00b2 5 couchages ( 6 personnes)<\/li>\n<li>1 chambre avec un lit double (140*190)<\/li>\n<li>2 chambres avec 2 lits simples (80*190)<\/li>\n<li>salle d&rsquo;eau avec douche, WC s\u00e9par\u00e9<\/li>\n<li>Vaisselle, micro ondes, cafeti\u00e8re<\/li>\n<li>R\u00e9frig\u00e9rateur, radiateurs \u00e9lectriques<\/li>\n<\/ul>\n<\/div>\n<div style=\"clear: both; height: 30px;\">\u00a0<\/div>\n<div style=\"float: left;\"><a href=\"http:\/\/camping-les-araucarias.com\/index.php\/portfolio\/chalet-gitotel\/\"><img decoding=\"async\" loading=\"lazy\" class=\"size-medium wp-image-62 alignleft\" src=\"http:\/\/camping-les-araucarias.com\/wp-content\/uploads\/2016\/06\/hebergement_ch60-2-300x225.jpg\" alt=\"Chalet Gitotel\" width=\"300\" height=\"225\" srcset=\"https:\/\/camping-les-araucarias.com\/wp-content\/uploads\/2016\/06\/hebergement_ch60-2-300x225.jpg 300w, https:\/\/camping-les-araucarias.com\/wp-content\/uploads\/2016\/06\/hebergement_ch60-2.jpg 640w\" sizes=\"(max-width: 300px) 100vw, 300px\" \/><\/a><\/div>\n<div style=\"float: left;\">\n<h3>CHALET G\u00ceT\u00d4TEL &#8211; mod\u00e8le Club six &#8211; 4 personnes<\/h3>\n<ul style=\"list-style-type: none; padding-left: 0px;\">\n<li>Chalet 7,50m x 5m<\/li>\n<li>1 Chambre 1 lit 140\/190<\/li>\n<li>1 chambre 2 lits 80\/190<\/li>\n<li>Cuisine : frigo-cong\u00e9lateur, micro-ondes, cafeti\u00e8re \u00e9lectrique, kit vaisselle, plaque 2 feux gaz<\/li>\n<li>Salle de douche,wc s\u00e9par\u00e9&#8230;<\/li>\n<\/ul>\n<div style=\"background:;color:#ffffff!important;\" class=\"ast_shrt_action lt_rounded  \"><div class=\"act_left\"><\/div><div class=\"act_right\"><a class=\" lt_rounded\" style=\"background:#37dd69;color:#ffffff!important;\" href=\"http:\/\/camping-les-araucarias.com\/index.php\/portfolio\/chalet-gitotel\/\">En savoir plus<\/a><\/div><\/div><div style=\"clear:both\"><\/div>\n<\/div>\n<h2 style=\"float: left; clear: both; color: #555555;\">Tarifs mobil-home et chalet<\/h2>\n<h5 style=\"float: left; clear: both; color: #555555;\"><span style=\"font-size: 16px;\">Taxe de s\u00e9jour : 0.20 \u20ac\/personne de plus de 18 ans non comprise<\/span><\/h5>\n<table style=\"color: #555555; height: 352px;\" border=\"0\" width=\"83\" cellspacing=\"1\" cellpadding=\"5\" bgcolor=\"#f5f5f5\">\n<tbody>\n<tr>\n<td style=\"font-weight: 600; text-align: center;\" colspan=\"3\" valign=\"top\">BASSE SAISON *<\/td>\n<\/tr>\n<tr>\n<td height=\"30\">\u00a0<\/td>\n<td style=\"text-align: center;\"><strong>Studio \/2 chambres<\/strong><\/td>\n<td style=\"font-weight: 600; text-align: center;\" valign=\"top\"><strong>\u00a03 Chambres<\/strong><\/td>\n<\/tr>\n<tr>\n<td style=\"text-align: center;\">1 nuit<\/td>\n<td style=\"text-align: center;\">90 \u20ac<\/td>\n<td style=\"text-align: center;\">\u00a0120 \u20ac<\/td>\n<\/tr>\n<tr>\n<td style=\"text-align: center;\">2 nuits<\/td>\n<td style=\"text-align: center;\">160 \u20ac<\/td>\n<td style=\"text-align: center;\">220 \u20ac<\/td>\n<\/tr>\n<tr>\n<td style=\"text-align: center;\">3 nuits<\/td>\n<td style=\"text-align: center;\">240 \u20ac<\/td>\n<td style=\"text-align: center;\">300 \u20ac<\/td>\n<\/tr>\n<tr>\n<td style=\"text-align: center;\">4 nuits<\/td>\n<td style=\"text-align: center;\">300 \u20ac<\/td>\n<td style=\"text-align: center;\">380 \u20ac<\/td>\n<\/tr>\n<tr>\n<td style=\"text-align: center;\">5 nuits<\/td>\n<td style=\"text-align: center;\">350 \u20ac<\/td>\n<td style=\"text-align: center;\">450 \u20ac<\/td>\n<\/tr>\n<tr>\n<td style=\"text-align: center;\">6 nuits<\/td>\n<td style=\"text-align: center;\">400 \u20ac<\/td>\n<td style=\"text-align: center;\">510 \u20ac<\/td>\n<\/tr>\n<tr>\n<td style=\"text-align: center;\">1 semaine<\/td>\n<td style=\"text-align: center;\">450 \u20ac<\/td>\n<td style=\"text-align: center;\">560 \u20ac<\/td>\n<\/tr>\n<\/tbody>\n<\/table>\n<p><strong>* Electricit\u00e9 en suppl. 0.20 \u20ac kwh<\/strong><\/p>\n<table style=\"color: #555555; height: 391px;\" border=\"0\" width=\"377\" cellspacing=\"1\" cellpadding=\"5\" bgcolor=\"#f5f5f5\">\n<tbody>\n<tr>\n<td style=\"font-weight: 600;\" colspan=\"3\" valign=\"top\"><strong>HAUTE SAISON\u00a0<\/strong><strong>du 15 juin au 13 septembre<\/strong><\/td>\n<\/tr>\n<tr>\n<td height=\"30\">\u00a0<\/td>\n<td style=\"text-align: center;\"><strong>Studio \/2 chambres<\/strong><\/td>\n<td style=\"font-weight: 600; text-align: center;\" valign=\"top\">3 Chambres<\/td>\n<\/tr>\n<tr>\n<td style=\"text-align: center;\">1 nuit<\/td>\n<td style=\"text-align: center;\">110 \u20ac<\/td>\n<td style=\"text-align: center;\">140 \u20ac<\/td>\n<\/tr>\n<tr>\n<td style=\"text-align: center;\">2 nuits<\/td>\n<td style=\"text-align: center;\">190 \u20ac<\/td>\n<td style=\"text-align: center;\">250 \u20ac<\/td>\n<\/tr>\n<tr>\n<td style=\"text-align: center;\">3 nuits<\/td>\n<td style=\"text-align: center;\">300 \u20ac<\/td>\n<td style=\"text-align: center;\">360 \u20ac<\/td>\n<\/tr>\n<tr>\n<td style=\"text-align: center;\">4 nuits<\/td>\n<td style=\"text-align: center;\">350 \u20ac<\/td>\n<td style=\"text-align: center;\">440 \u20ac<\/td>\n<\/tr>\n<tr>\n<td style=\"text-align: center;\">5 nuits<\/td>\n<td style=\"text-align: center;\">400 \u20ac<\/td>\n<td style=\"text-align: center;\">500 \u20ac<\/td>\n<\/tr>\n<tr>\n<td style=\"text-align: center;\">6 nuits<\/td>\n<td style=\"text-align: center;\">430 \u20ac<\/td>\n<td style=\"text-align: center;\">570 \u20ac<\/td>\n<\/tr>\n<tr>\n<td style=\"text-align: center;\">1 semaine<\/td>\n<td style=\"text-align: center;\">500 \u20ac<\/td>\n<td style=\"text-align: center;\">600 \u20ac<\/td>\n<\/tr>\n<\/tbody>\n<\/table>\n<p style=\"font-size: 12px; line-height: 14px;\">Location chalet \/ mobil home: 30% d\u2019arrhes \u00e0 la r\u00e9servation.<br \/>Arriv\u00e9e apr\u00e8s 15h &#8211; d\u00e9part avant 10h sauf accord pr\u00e9alable.<br \/>Pr\u00e9voir draps et taies d\u2019oreiller (vente possible : 6 \u20ac par s\u00e9jour et par lit).<br \/>D\u00e9p\u00f4t de garantie : 250 \u20ac restitu\u00e9s au d\u00e9part apr\u00e8s l\u2019\u00e9tat des lieux (500 \u20ac si animal).<\/p>\n<h2 style=\"padding: 15px 0; border-bottom: 1px dashed #555555; color: #555555;\">\u00a0<\/h2>\n<h3 style=\"padding: 15px 0; border-bottom: 1px dashed #555555; color: #555555;\">Emplacement de camping<\/h3>\n<div style=\"float: left;\"><img decoding=\"async\" loading=\"lazy\" class=\"alignnone size-medium wp-image-90\" src=\"http:\/\/camping-les-araucarias.com\/wp-content\/uploads\/2016\/06\/place_camping-300x225.jpg\" alt=\"place_camping\" width=\"300\" height=\"225\" srcset=\"https:\/\/camping-les-araucarias.com\/wp-content\/uploads\/2016\/06\/place_camping-300x225.jpg 300w, https:\/\/camping-les-araucarias.com\/wp-content\/uploads\/2016\/06\/place_camping.jpg 640w\" sizes=\"(max-width: 300px) 100vw, 300px\" \/><\/div>\n<h2 style=\"float: left; clear: both; color: #555555;\">Tarifs camping<\/h2>\n<h5 style=\"float: left; clear: both; color: #555555;\"><span style=\"font-size: 16px;\">Taxe de s\u00e9jour : 0.20 \u20ac\/personne pour les + de 18 ans non comprise<\/span><\/h5>\n<table style=\"color: #555555;\" border=\"0\" width=\"100\" cellspacing=\"1\" cellpadding=\"5\" bgcolor=\"#f5f5f5\">\n<tbody>\n<tr>\n<td style=\"font-weight: 600;\" colspan=\"2\">CAMPING ( prix par nuit &#8211; arriv\u00e9e apr\u00e8s midi, d\u00e9part avant midi)<\/td>\n<\/tr>\n<tr>\n<td>Emplacement + voiture \/ moto<\/td>\n<td>7,00 \u20ac<\/td>\n<\/tr>\n<tr>\n<td>Emplacement sans voiture \/ moto<\/td>\n<td>6,00 \u20ac<\/td>\n<\/tr>\n<tr>\n<td>Emplacement + camping-car<\/td>\n<td>8,00 \u20ac<\/td>\n<\/tr>\n<tr>\n<td>Arr\u00eat camping car<\/td>\n<td>5,00 \u20ac<\/td>\n<\/tr>\n<tr>\n<td>+ par personne<\/td>\n<td>4,00 \u20ac<\/td>\n<\/tr>\n<tr>\n<td>+ par enfant &#8211; de 7 ans<\/td>\n<td>2,00 \u20ac<\/td>\n<\/tr>\n<tr>\n<td>+ Electricit\u00e9<\/td>\n<td>4,00 \u20ac<\/td>\n<\/tr>\n<tr>\n<td>+ par tente suppl\u00e9mentaire<\/td>\n<td>2,00 \u20ac<\/td>\n<\/tr>\n<tr>\n<td>+ par animal<\/td>\n<td>1,00 \u20ac<\/td>\n<\/tr>\n<\/tbody>\n<\/table>\n<p style=\"font-size: 12px; line-height: 14px;\">Emplacement de camping : 20 \u20ac d&rsquo;arrhes \u00e0 la r\u00e9servation. Par emplacement : 6 personnes maximum.<br \/>Ouvert du 1er avril au 31 octobre<\/p>\n\n\n<p><\/p>\n","protected":false},"excerpt":{"rendered":"<p>Locations de mobil-home et chalet ouvertes toute l&rsquo;ann\u00e9e MOBIL-HOME WAPITI &#8211; mod\u00e8le Montana 4 personnes Mobil home 8m x 3,9m 1 Chambre 1 lit 140\/190 1 chambre 2 lits 80\/190 Salle : banquette Cuisine : frigo-cong\u00e9lateur, micro-ondes&#8230; \u00a0 MOBIL HOME TRIGANO &#8211; mod\u00e8le Osiris &#8211; 4 personnes Mobil home 7,80m x 3,70 m 1 chambre<br \/><a class=\"moretag\" href=\"https:\/\/camping-les-araucarias.com\/index.php\/hebergements-tarifs\/\">+ Lire Plus<\/a><\/p>\n","protected":false},"author":1,"featured_media":0,"parent":0,"menu_order":0,"comment_status":"closed","ping_status":"closed","template":"","meta":[],"_links":{"self":[{"href":"https:\/\/camping-les-araucarias.com\/index.php\/wp-json\/wp\/v2\/pages\/19"}],"collection":[{"href":"https:\/\/camping-les-araucarias.com\/index.php\/wp-json\/wp\/v2\/pages"}],"about":[{"href":"https:\/\/camping-les-araucarias.com\/index.php\/wp-json\/wp\/v2\/types\/page"}],"author":[{"embeddable":true,"href":"https:\/\/camping-les-araucarias.com\/index.php\/wp-json\/wp\/v2\/users\/1"}],"replies":[{"embeddable":true,"href":"https:\/\/camping-les-araucarias.com\/index.php\/wp-json\/wp\/v2\/comments?post=19"}],"version-history":[{"count":88,"href":"https:\/\/camping-les-araucarias.com\/index.php\/wp-json\/wp\/v2\/pages\/19\/revisions"}],"predecessor-version":[{"id":611,"href":"https:\/\/camping-les-araucarias.com\/index.php\/wp-json\/wp\/v2\/pages\/19\/revisions\/611"}],"wp:attachment":[{"href":"https:\/\/camping-les-araucarias.com\/index.php\/wp-json\/wp\/v2\/media?parent=19"}],"curies":[{"name":"wp","href":"https:\/\/api.w.org\/{rel}","templated":true}]}}